{"id":682,"date":"2015-05-05T09:39:55","date_gmt":"2015-05-05T09:39:55","guid":{"rendered":"http:\/\/www.formations-fitness-correspondance.com\/?page_id=682"},"modified":"2023-02-13T09:50:11","modified_gmt":"2023-02-13T09:50:11","slug":"questionsreponses-formations-nutrition-dietetique","status":"publish","type":"page","link":"https:\/\/www.formations-fitness-correspondance.com\/?page_id=682","title":{"rendered":"Questions\/R\u00e9ponses &#8211; formation nutrition &#038; di\u00e9t\u00e9tique"},"content":{"rendered":"<p><span class=\"ff0 fc5 fs11 fi \">FORMATION PERFORMANTE ET RECONNUE<br \/>\n<\/span><strong>Questions et r\u00e9ponses formation par correspondance IFDN<\/strong><\/p>\n<div id=\"imPage\">\n<div id=\"imCel0_01\">\n<div id=\"imCel0_01_Cont\">\n<div id=\"imObj0_01\">\n<p><span class=\"ff0 fc5 fs11 \"><span class=\"ff0 fc5 fs11 \"><span class=\"ff0 fc4 fs11 fb \"><br \/>\n<strong>Q. A qui est destin\u00e9 cette formation par correspondance ?<\/strong><\/span><span class=\"ff0 fc4 fs11 \"><br \/>\n<\/span><strong><span class=\"ff0 fc5 fs11 fb \">R<\/span><\/strong><span class=\"ff0 fc5 fs11 \"><strong>. <\/strong>A toute personne homme ou femme, situ\u00e9e dans le monde entier et de tout \u00e2ge ne pouvant pas se d\u00e9placer dans un centre de formation <span class=\"ff0\">Fitness et qui souhaite recevoir une formation comme conseiller (\u00e8re) en nutrition et di\u00e9t\u00e9tique.<br \/>\n<\/span><\/span><\/span><\/span><\/p>\n<p><span class=\"ff0 fc5 fs11 \"><span class=\"ff0 fc5 fs11 \"><strong><span class=\"ff0 fc4 fs11 fb \"><br \/>\nQ. Que puis-je faire apr\u00e8s la formation ?<\/span><\/strong><span class=\"ff0 fc4 fs11 \"><br \/>\n<\/span><strong><span class=\"ff0 fc5 fs11 fb \">R<\/span><\/strong><span class=\"ff0 fc5 fs11 \"><strong>.<\/strong> Travailler en emploi ou comme ind\u00e9pendant.<\/span><\/span><\/span><\/p>\n<p>La formation IFDN en nutrition et di\u00e9t\u00e9tique permet de travailler aupr\u00e8s d\u2019enfants, de personnes adolescentes, adultes ou \u00e2g\u00e9es, de familles ou de<br \/>\nCabinet priv\u00e9 \/ H\u00f4tel \/ Spa \/ Centre de Thermalisme-Thalassoth\u00e9rapie \/ Associations pour la pr\u00e9vention de la sant\u00e9 \/ Centre Fitness et remise en forme \/ Centre de sport public ou pour sportifs professionnels \/ Salon d\u2019esth\u00e9tique \/ Institut d\u2019amincissement \/ Services de soins \u00e0 domicile \/ Entreprise de restauration collective.<\/p>\n<p><span class=\"ff0 fc5 fs11 \"><span class=\"ff0 fc5 fs11 \"><strong><span class=\"ff0 fc4 fs11 fb \"><br \/>\nQ. Quel est le contenu de la formation ?<\/span><\/strong><span class=\"ff0 fc4 fs11 \"><br \/>\n<\/span><strong><span class=\"ff0 fc5 fs11 fb \">R<\/span><\/strong><span class=\"ff0 fc5 fs11 \"><strong>. <\/strong><span class=\"ff0 fc5 fs11 \">Le m\u00e9tabolisme \u2013 anatomie et physiologie du tube digestif \u2013 physiologie du tissu adipeux \u2013 physiologie du tissu musculaire \u2013 les prot\u00e9ines \u2013 les lipides \u2013 les glucides \u2013 les vitamines, min\u00e9raux et oligo-\u00e9l\u00e9ments \u2013 di\u00e9t\u00e9tique pratique \u2013 \u00e9tude des diff\u00e9rents syst\u00e8mes et r\u00e9gimes alimentaires \u2013 bien choisir les suppl\u00e9ments alimentaires \u2013 les suppl\u00e9ments pour la perte de poids \u2013 les suppl\u00e9ments pour la prise de force et masse musculaire \u2013 les suppl\u00e9ments pour l\u2019endurance \u2013 strat\u00e9gie nutritionnelle d\u2019un programme \u2013 strat\u00e9gie nutritionnelle d\u2019un programme de force et masse \u2013 strat\u00e9gie nutritionnelle d\u2019un programme d\u2019endurance \u2013 les conseils nutritionnels \u2013 courses coaching \u2013 \u00e9tudes de cas et mise en situation.<\/span><\/span><\/span><\/span><\/p>\n<p><span class=\"ff0 fc5 fs11 \"><span class=\"ff0 fc5 fs11 \"><span class=\"ff0 fc4 fs11 fb \"><br \/>\n<strong>Q. Quels sont les supports de formation ?<\/strong><\/span><span class=\"ff0 fc4 fs11 \"><br \/>\n<\/span><strong><span class=\"ff0 fc5 fs11 fb \">R<\/span><\/strong><span class=\"ff0 fc5 fs11 \"><strong>.<\/strong> Un manuel de formation pour la th\u00e9orie<\/span><span class=\"ff0 fc4 fs11 fb \"> est envoy\u00e9 par courrier postal.<br \/>\n<\/span><\/span><\/span><\/p>\n<p><span class=\"ff0 fc5 fs11 \"><span class=\"ff0 fc5 fs11 \"><span class=\"ff0 fc4 fs11 fb \"><br \/>\n<strong>Q. Quelle est la dur\u00e9e de formation ?<\/strong><\/span><span class=\"ff0 fc4 fs11 \"><br \/>\n<\/span><strong><span class=\"ff0 fc5 fs11 fb \">R<\/span><\/strong><span class=\"ff0 fc5 fs11 \"><strong>.<\/strong> Evaluer une dur\u00e9e entre 3 mois minimum et 12 mois. Il n&rsquo;y a pas de d\u00e9lai, mais l&rsquo;important est de travailler \u00e0 son rythme.\u00a0 Le travail peut toujours \u00eatre arr\u00eat\u00e9 pour une dur\u00e9e ind\u00e9termin\u00e9e et ceci pour diverses raisons, puis repris ult\u00e9rieurement pour le finaliser. Il n&rsquo;y a pas de pression pour rendre les travaux.<\/span><\/span><\/span><\/p>\n<p><span class=\"ff0 fc5 fs11 \"><span class=\"ff0 fc5 fs11 \"><span class=\"ff0 fc4 fs11 fb \"><br \/>\n<strong>Q. Comment se fait l\u2019examen ?<\/strong><\/span><span class=\"ff0 fc4 fs11 \"><br \/>\n<\/span><strong><span class=\"ff0 fc5 fs11 fb \">R<\/span><\/strong><span class=\"ff0 fc5 fs11 \"><strong>.<\/strong> En temps voulu et au choix du candidat, nous transmettons par e-mail un test sous forme d&rsquo;un questionnaire examen de 100 questions sur le contenu du manuel. Celui-ci sera compl\u00e9t\u00e9 et retourn\u00e9 dans un d\u00e9lai de 2heures.<br \/>\nDans le m\u00eame temps, un m\u00e9moire, travail \u00e9crit \u00e0 domicile, doit \u00eatre cr\u00e9\u00e9 et retourn\u00e9 dans un d\u00e9lai de 6 semaines pour la validation et finaliser l&rsquo;examen.<br \/>\n<\/span><span class=\"ff0 fc4 fs11 fb \"><br \/>\n<strong>Q. Quel est le dipl\u00f4me final de cette formation.<\/strong><\/span><span class=\"ff0 fc4 fs11 \"><br \/>\n<\/span><strong><span class=\"ff0 fc5 fs11 fb \">R<\/span><\/strong><span class=\"ff0 fc5 fs11 \"><strong>.<\/strong> IFDN d\u00e9livre le \u00ab Dipl\u00f4me International de conseiller (\u00e8re) en nutrition &amp; di\u00e9t\u00e9tique par correspondance \u00bb. En cas de non r\u00e9ussite de l\u2019examen, nous d\u00e9livrons un certificat de participation en attendant de refaire l\u2019examen dans un d\u00e9lai \u00e0 choix. En cas d&rsquo;\u00e9chec, une analyse de l&rsquo;examen sera fournie pour un deuxi\u00e8me test.<br \/>\n<\/span><span class=\"ff0 fc4 fs11 fb \"><br \/>\n<strong>Q. Quel est le co\u00fbt de la formation ?<\/strong><\/span><span class=\"ff0 fc4 fs11 \"><br \/>\n<\/span><strong><span class=\"ff0 fc5 fs11 fb \">R<\/span><\/strong><span class=\"ff0 fc5 fs11 \"><strong>.<\/strong> L&rsquo;\u00e9colage est de CHF 800.&#8211; Sont compris tout le mat\u00e9riel didactique, support th\u00e9orique et le manuel de formation.<\/span><\/span><\/span><\/p>\n<p><span class=\"ff0 fc5 fs11 \"><span class=\"ff0 fc5 fs11 \"><span class=\"ff0 fc5 fs11 \"><br \/>\nNe sont pas compris les frais d\u2019envoi par la poste, CHF 50.&#8211; ce montant peut varier selon l&rsquo;\u00e9loignement du pays de commande, les examens : CHF 140.&#8211; ceux ci peuvent \u00eatres r\u00e9gl\u00e9s \u00e0 l&rsquo;inscription ou ult\u00e9rieurement mais en tout cas avant le premier test.<br \/>\nEn cas d&rsquo;\u00e9chec un nouvel examen est factur\u00e9 CHF 50.&#8211; (ACTUELLEMENT UN EURO POUR UN FRANC SUISSE)<br \/>\n<\/span><span class=\"ff0 fc4 fs11 fb \"><br \/>\n<strong>Q. Comment proc\u00e9der pour m&rsquo;inscrire et d\u00e9buter rapidement ?<\/strong><\/span><span class=\"ff0 fc5 fs11 fb \"><br \/>\n<strong>R<\/strong><\/span><span class=\"ff0 fc5 fs11 \"><strong>.<\/strong> Remplir le formulaire d&rsquo;inscription, le retourner par mail ou par courrier, d\u00e8s r\u00e9ception, IFDN retourne une confirmation de r\u00e9ception avec une facture en francs Suisse et en euros. Remplir le formulaire d&rsquo;inscription, le retourner par email ou par courrier. Le paiement du cours peut-\u00eatre effectu\u00e9 par virement bancaire, par e-banking ou \u00e9ventuellement par Western Union. Les ch\u00e8ques ne sont pas accept\u00e9s.<br \/>\nLe paiement par carte Visa, MasterCard ou Paypal est aussi possible en cliquant ici. <a href=\"http:\/\/www.best-ifas.ch\">Inscription et payement en ligne.<\/a> En choisissant cette option il y a un suppl\u00e9ment de 3,5% pour frais bancaires.<br \/>\nD\u00e8s r\u00e9ception du montant, le colis d\u2019\u00e9tude est envoy\u00e9 dans les 3 ou 4 jours.<br \/>\n<\/span><\/span><\/span><\/p>\n<\/div>\n<\/div>\n<\/div>\n<\/div>\n<p><a href=\"http:\/\/www.formations-fitness-correspondance.com\/wp-content\/uploads\/2015\/01\/fitness_logo1.png\"><img decoding=\"async\" loading=\"lazy\" class=\" size-full wp-image-421 aligncenter\" src=\"http:\/\/www.formations-fitness-correspondance.com\/wp-content\/uploads\/2015\/01\/fitness_logo1.png\" alt=\"fitness_logo\" width=\"300\" height=\"52\" \/><\/a><\/p>\n","protected":false},"excerpt":{"rendered":"<p>FORMATION PERFORMANTE ET RECONNUE Questions et r\u00e9ponses formation par correspondance IFDN Q. A qui est destin\u00e9 cette formation par correspondance ? R. A toute personne homme ou femme, situ\u00e9e dans le monde entier et de tout \u00e2ge ne pouvant pas se d\u00e9placer dans un centre de formation Fitness et qui souhaite recevoir une formation comme<\/p>\n","protected":false},"author":1,"featured_media":0,"parent":0,"menu_order":0,"comment_status":"closed","ping_status":"closed","template":"","meta":[],"_links":{"self":[{"href":"https:\/\/www.formations-fitness-correspondance.com\/index.php?rest_route=\/wp\/v2\/pages\/682"}],"collection":[{"href":"https:\/\/www.formations-fitness-correspondance.com\/index.php?rest_route=\/wp\/v2\/pages"}],"about":[{"href":"https:\/\/www.formations-fitness-correspondance.com\/index.php?rest_route=\/wp\/v2\/types\/page"}],"author":[{"embeddable":true,"href":"https:\/\/www.formations-fitness-correspondance.com\/index.php?rest_route=\/wp\/v2\/users\/1"}],"replies":[{"embeddable":true,"href":"https:\/\/www.formations-fitness-correspondance.com\/index.php?rest_route=%2Fwp%2Fv2%2Fcomments&post=682"}],"version-history":[{"count":13,"href":"https:\/\/www.formations-fitness-correspondance.com\/index.php?rest_route=\/wp\/v2\/pages\/682\/revisions"}],"predecessor-version":[{"id":943,"href":"https:\/\/www.formations-fitness-correspondance.com\/index.php?rest_route=\/wp\/v2\/pages\/682\/revisions\/943"}],"wp:attachment":[{"href":"https:\/\/www.formations-fitness-correspondance.com\/index.php?rest_route=%2Fwp%2Fv2%2Fmedia&parent=682"}],"curies":[{"name":"wp","href":"https:\/\/api.w.org\/{rel}","templated":true}]}}